{"id":884,"date":"2023-04-07T08:47:30","date_gmt":"2023-04-07T08:47:30","guid":{"rendered":"https:\/\/demosites.royal-elementor-addons.com\/digitalagency-v3\/?page_id=10"},"modified":"2025-02-08T21:06:23","modified_gmt":"2025-02-08T21:06:23","slug":"contact","status":"publish","type":"page","link":"https:\/\/egmworkshop.com\/en\/contact\/","title":{"rendered":"Contact Us"},"content":{"rendered":"<div data-elementor-type=\"wp-page\" data-elementor-id=\"884\" class=\"elementor elementor-884\">\n\t\t\t\t<div class=\"elementor-element elementor-element-3bc711d e-flex e-con-boxed wpr-particle-no wpr-jarallax-no wpr-parallax-no wpr-sticky-section-no e-con e-parent\" data-id=\"3bc711d\" data-element_type=\"container\">\n\t\t\t\t\t<div class=\"e-con-inner\">\n\t\t\t\t<div class=\"elementor-element elementor-element-0416759 elementor-widget elementor-widget-heading\" data-id=\"0416759\" data-element_type=\"widget\" data-widget_type=\"heading.default\">\n\t\t\t\t<div class=\"elementor-widget-container\">\n\t\t\t\t\t<h2 class=\"elementor-heading-title elementor-size-default\">Contact Us<\/h2>\t\t\t\t<\/div>\n\t\t\t\t<\/div>\n\t\t\t\t<div class=\"elementor-element elementor-element-1848b33 elementor-widget elementor-widget-shortcode\" data-id=\"1848b33\" data-element_type=\"widget\" data-widget_type=\"shortcode.default\">\n\t\t\t\t<div class=\"elementor-widget-container\">\n\t\t\t\t\t\t\t<div class=\"elementor-shortcode\"><div class='fluentform ff-default fluentform_wrapper_1 ffs_default_wrap'><form data-form_id=\"1\" id=\"fluentform_1\" class=\"frm-fluent-form fluent_form_1 ff-el-form-top ff_form_instance_1_1 ff-form-loading ffs_default\" data-form_instance=\"ff_form_instance_1_1\" method=\"POST\" action=\"\" ><fieldset  style=\"border: none!important;margin: 0!important;padding: 0!important;background-color: transparent!important;box-shadow: none!important;outline: none!important; min-inline-size: 100%;\">\n                    <legend class=\"ff_screen_reader_title\" style=\"display: block; margin: 0!important;padding: 0!important;height: 0!important;text-indent: -999999px;width: 0!important;overflow:hidden;\">Contact Form Demo<\/legend><input type='hidden' name='__fluent_form_embded_post_id' value='884' \/><input type=\"hidden\" id=\"_fluentform_1_fluentformnonce\" name=\"_fluentform_1_fluentformnonce\" value=\"782afba282\" \/><input type=\"hidden\" name=\"_wp_http_referer\" value=\"\/en\/wp-json\/wp\/v2\/pages\/884\" \/><div class='ff-el-group'><div class=\"ff-el-input--label ff-el-is-required asterisk-right\"><label for='ff_1_input_text' aria-label=\"Name\">Name<\/label><\/div><div class='ff-el-input--content'><input type=\"text\" name=\"input_text\" class=\"ff-el-form-control\" data-name=\"input_text\" id=\"ff_1_input_text\"  aria-invalid=\"false\" aria-required=\"true\"><\/div><\/div><div class='ff-el-group'><div class=\"ff-el-input--label ff-el-is-required asterisk-right\"><label for='ff_1_email' aria-label=\"Email\">Email<\/label><\/div><div class='ff-el-input--content'><input type=\"email\" name=\"email\" id=\"ff_1_email\" class=\"ff-el-form-control\" data-name=\"email\"  aria-invalid=\"false\" aria-required=\"true\"><\/div><\/div><div class='ff-el-group'><div class=\"ff-el-input--label ff-el-is-required asterisk-right\"><label for='ff_1_description' aria-label=\"Your Message\">Your Message<\/label><\/div><div class='ff-el-input--content'><textarea aria-invalid=\"false\" aria-required=\"true\" name=\"description\" id=\"ff_1_description\" class=\"ff-el-form-control\" rows=\"3\" cols=\"2\" data-name=\"description\" ><\/textarea><\/div><\/div><div class='ff-el-group ff-text-left ff_submit_btn_wrapper'><button type=\"submit\" class=\"ff-btn ff-btn-submit ff-btn-md ff_btn_style wpf_has_custom_css\" >Send<\/button><\/div><\/fieldset><input type=\"hidden\" name=\"trp-form-language\" value=\"en\"\/><\/form><div id='fluentform_1_errors' class='ff-errors-in-stack ff_form_instance_1_1 ff-form-loading_errors ff_form_instance_1_1_errors'><\/div><\/div>        <script data-jetpack-boost=\"ignore\" type=\"text\/javascript\">\n            window.fluent_form_ff_form_instance_1_1 = {\"id\":\"1\",\"settings\":{\"layout\":{\"labelPlacement\":\"top\",\"helpMessagePlacement\":\"with_label\",\"errorMessagePlacement\":\"inline\",\"cssClassName\":\"\",\"asteriskPlacement\":\"asterisk-right\"},\"restrictions\":{\"denyEmptySubmission\":{\"enabled\":false}}},\"form_instance\":\"ff_form_instance_1_1\",\"form_id_selector\":\"fluentform_1\",\"rules\":{\"input_text\":{\"required\":{\"value\":true,\"message\":\"This field is required\",\"global_message\":\"Ce champ est obligatoire\",\"global\":true}},\"email\":{\"required\":{\"value\":true,\"message\":\"This field is required\",\"global_message\":\"Ce champ est obligatoire\",\"global\":true},\"email\":{\"value\":true,\"message\":\"This field must contain a valid email\",\"global_message\":\"Ce champ doit contenir un e-mail valide\",\"global\":true}},\"description\":{\"required\":{\"value\":true,\"message\":\"This field is required\",\"global_message\":\"Ce champ est obligatoire\",\"global\":true}}},\"debounce_time\":300};\n                    <\/script>\n        <\/div>\n\t\t\t\t\t\t<\/div>\n\t\t\t\t<\/div>\n\t\t\t\t\t<\/div>\n\t\t\t\t<\/div>\n\t\t\t\t<section class=\"elementor-section elementor-top-section elementor-element elementor-element-710ece1 elementor-section-boxed elementor-section-height-default elementor-section-height-default wpr-particle-no wpr-jarallax-no wpr-parallax-no wpr-sticky-section-no\" data-id=\"710ece1\" data-element_type=\"section\" data-settings=\"{&quot;background_background&quot;:&quot;classic&quot;}\">\n\t\t\t\t\t\t<div class=\"elementor-container elementor-column-gap-default\">\n\t\t\t\t\t<div class=\"elementor-column elementor-col-100 elementor-top-column elementor-element elementor-element-49951dc\" data-id=\"49951dc\" data-element_type=\"column\">\n\t\t\t<div class=\"elementor-widget-wrap elementor-element-populated\">\n\t\t\t\t\t\t<div class=\"elementor-element elementor-element-e37577b elementor-widget elementor-widget-heading\" data-id=\"e37577b\" data-element_type=\"widget\" data-widget_type=\"heading.default\">\n\t\t\t\t<div class=\"elementor-widget-container\">\n\t\t\t\t\t<h2 class=\"elementor-heading-title elementor-size-default\">Details<\/h2>\t\t\t\t<\/div>\n\t\t\t\t<\/div>\n\t\t\t\t<div class=\"elementor-element elementor-element-5f46dd6 elementor-widget elementor-widget-heading\" data-id=\"5f46dd6\" data-element_type=\"widget\" data-widget_type=\"heading.default\">\n\t\t\t\t<div class=\"elementor-widget-container\">\n\t\t\t\t\t<h2 class=\"elementor-heading-title elementor-size-default\">Contact Information<\/h2>\t\t\t\t<\/div>\n\t\t\t\t<\/div>\n\t\t\t\t<section class=\"elementor-section elementor-inner-section elementor-element elementor-element-08644ce elementor-section-boxed elementor-section-height-default elementor-section-height-default wpr-particle-no wpr-jarallax-no wpr-parallax-no wpr-sticky-section-no\" data-id=\"08644ce\" data-element_type=\"section\">\n\t\t\t\t\t\t<div class=\"elementor-container elementor-column-gap-default\">\n\t\t\t\t\t<div class=\"elementor-column elementor-col-33 elementor-inner-column elementor-element elementor-element-abbf847\" data-id=\"abbf847\" data-element_type=\"column\">\n\t\t\t<div class=\"elementor-widget-wrap elementor-element-populated\">\n\t\t\t\t\t\t<div class=\"elementor-element elementor-element-16ff569 elementor-view-default elementor-position-top elementor-mobile-position-top elementor-invisible elementor-widget elementor-widget-icon-box\" data-id=\"16ff569\" data-element_type=\"widget\" data-settings=\"{&quot;_animation&quot;:&quot;zoomIn&quot;}\" data-widget_type=\"icon-box.default\">\n\t\t\t\t<div class=\"elementor-widget-container\">\n\t\t\t\t\t\t\t<div class=\"elementor-icon-box-wrapper\">\n\n\t\t\t\t\t\t<div class=\"elementor-icon-box-icon\">\n\t\t\t\t<span  class=\"elementor-icon\">\n\t\t\t\t<svg aria-hidden=\"true\" class=\"e-font-icon-svg e-fas-envelope\" viewbox=\"0 0 512 512\" xmlns=\"http:\/\/www.w3.org\/2000\/svg\"><path d=\"M502.3 190.8c3.9-3.1 9.7-.2 9.7 4.7V400c0 26.5-21.5 48-48 48H48c-26.5 0-48-21.5-48-48V195.6c0-5 5.7-7.8 9.7-4.7 22.4 17.4 52.1 39.5 154.1 113.6 21.1 15.4 56.7 47.8 92.2 47.6 35.7.3 72-32.8 92.3-47.6 102-74.1 131.6-96.3 154-113.7zM256 320c23.2.4 56.6-29.2 73.4-41.4 132.7-96.3 142.8-104.7 173.4-128.7 5.8-4.5 9.2-11.5 9.2-18.9v-19c0-26.5-21.5-48-48-48H48C21.5 64 0 85.5 0 112v19c0 7.4 3.4 14.3 9.2 18.9 30.6 23.9 40.7 32.4 173.4 128.7 16.8 12.2 50.2 41.8 73.4 41.4z\"><\/path><\/svg>\t\t\t\t<\/span>\n\t\t\t<\/div>\n\t\t\t\n\t\t\t\t\t\t<div class=\"elementor-icon-box-content\">\n\n\t\t\t\t\t\t\t\t\t<h3 class=\"elementor-icon-box-title\">\n\t\t\t\t\t\t<span  >\n\t\t\t\t\t\t\tProfessional Email\t\t\t\t\t\t<\/span>\n\t\t\t\t\t<\/h3>\n\t\t\t\t\n\t\t\t\t\t\t\t\t\t<p class=\"elementor-icon-box-description\">\n\t\t\t\t\t\tcontact@egmworkshop.com\t\t\t\t\t<\/p>\n\t\t\t\t\n\t\t\t<\/div>\n\t\t\t\n\t\t<\/div>\n\t\t\t\t\t\t<\/div>\n\t\t\t\t<\/div>\n\t\t\t\t\t<\/div>\n\t\t<\/div>\n\t\t\t\t<div class=\"elementor-column elementor-col-33 elementor-inner-column elementor-element elementor-element-06cfa7f\" data-id=\"06cfa7f\" data-element_type=\"column\">\n\t\t\t<div class=\"elementor-widget-wrap elementor-element-populated\">\n\t\t\t\t\t\t<div class=\"elementor-element elementor-element-64b0744 elementor-view-default elementor-position-top elementor-mobile-position-top elementor-invisible elementor-widget elementor-widget-icon-box\" data-id=\"64b0744\" data-element_type=\"widget\" data-settings=\"{&quot;_animation&quot;:&quot;zoomIn&quot;,&quot;_animation_delay&quot;:100}\" data-widget_type=\"icon-box.default\">\n\t\t\t\t<div class=\"elementor-widget-container\">\n\t\t\t\t\t\t\t<div class=\"elementor-icon-box-wrapper\">\n\n\t\t\t\t\t\t<div class=\"elementor-icon-box-icon\">\n\t\t\t\t<span  class=\"elementor-icon\">\n\t\t\t\t<svg aria-hidden=\"true\" class=\"e-font-icon-svg e-fas-phone-alt\" viewbox=\"0 0 512 512\" xmlns=\"http:\/\/www.w3.org\/2000\/svg\"><path d=\"M497.39 361.8l-112-48a24 24 0 0 0-28 6.9l-49.6 60.6A370.66 370.66 0 0 1 130.6 204.11l60.6-49.6a23.94 23.94 0 0 0 6.9-28l-48-112A24.16 24.16 0 0 0 122.6.61l-104 24A24 24 0 0 0 0 48c0 256.5 207.9 464 464 464a24 24 0 0 0 23.4-18.6l24-104a24.29 24.29 0 0 0-14.01-27.6z\"><\/path><\/svg>\t\t\t\t<\/span>\n\t\t\t<\/div>\n\t\t\t\n\t\t\t\t\t\t<div class=\"elementor-icon-box-content\">\n\n\t\t\t\t\t\t\t\t\t<h3 class=\"elementor-icon-box-title\">\n\t\t\t\t\t\t<span  >\n\t\t\t\t\t\t\tPhone Number \t\t\t\t\t\t<\/span>\n\t\t\t\t\t<\/h3>\n\t\t\t\t\n\t\t\t\t\t\t\t\t\t<p class=\"elementor-icon-box-description\">\n\t\t\t\t\t\t\n+213 23 31 66 42\n <br\/>\n+213 550 71 24 80\t\t\t\t\t<\/p>\n\t\t\t\t\n\t\t\t<\/div>\n\t\t\t\n\t\t<\/div>\n\t\t\t\t\t\t<\/div>\n\t\t\t\t<\/div>\n\t\t\t\t\t<\/div>\n\t\t<\/div>\n\t\t\t\t<div class=\"elementor-column elementor-col-33 elementor-inner-column elementor-element elementor-element-07493ea\" data-id=\"07493ea\" data-element_type=\"column\">\n\t\t\t<div class=\"elementor-widget-wrap elementor-element-populated\">\n\t\t\t\t\t\t<div class=\"elementor-element elementor-element-52017fa elementor-view-default elementor-position-top elementor-mobile-position-top elementor-invisible elementor-widget elementor-widget-icon-box\" data-id=\"52017fa\" data-element_type=\"widget\" data-settings=\"{&quot;_animation&quot;:&quot;zoomIn&quot;,&quot;_animation_delay&quot;:200}\" data-widget_type=\"icon-box.default\">\n\t\t\t\t<div class=\"elementor-widget-container\">\n\t\t\t\t\t\t\t<div class=\"elementor-icon-box-wrapper\">\n\n\t\t\t\t\t\t<div class=\"elementor-icon-box-icon\">\n\t\t\t\t<span  class=\"elementor-icon\">\n\t\t\t\t<svg aria-hidden=\"true\" class=\"e-font-icon-svg e-fas-map-marker-alt\" viewbox=\"0 0 384 512\" xmlns=\"http:\/\/www.w3.org\/2000\/svg\"><path d=\"M172.268 501.67C26.97 291.031 0 269.413 0 192 0 85.961 85.961 0 192 0s192 85.961 192 192c0 77.413-26.97 99.031-172.268 309.67-9.535 13.774-29.93 13.773-39.464 0zM192 272c44.183 0 80-35.817 80-80s-35.817-80-80-80-80 35.817-80 80 35.817 80 80 80z\"><\/path><\/svg>\t\t\t\t<\/span>\n\t\t\t<\/div>\n\t\t\t\n\t\t\t\t\t\t<div class=\"elementor-icon-box-content\">\n\n\t\t\t\t\t\t\t\t\t<h3 class=\"elementor-icon-box-title\">\n\t\t\t\t\t\t<span  >\n\t\t\t\t\t\t\tWorkshop location\t\t\t\t\t\t<\/span>\n\t\t\t\t\t<\/h3>\n\t\t\t\t\n\t\t\t\t\t\t\t\t\t<p class=\"elementor-icon-box-description\">\n\t\t\t\t\t\tRue Boudjamaa Khalil Ouedromane El Achour Alger\t\t\t\t\t<\/p>\n\t\t\t\t\n\t\t\t<\/div>\n\t\t\t\n\t\t<\/div>\n\t\t\t\t\t\t<\/div>\n\t\t\t\t<\/div>\n\t\t\t\t\t<\/div>\n\t\t<\/div>\n\t\t\t\t\t<\/div>\n\t\t<\/section>\n\t\t\t\t<div class=\"elementor-element elementor-element-08ef62e elementor-widget elementor-widget-google_maps\" data-id=\"08ef62e\" data-element_type=\"widget\" data-widget_type=\"google_maps.default\">\n\t\t\t\t<div class=\"elementor-widget-container\">\n\t\t\t\t\t\t\t<div class=\"elementor-custom-embed\">\n\t\t\t<iframe\n\t\t\t\t\tdata-src=\"https:\/\/maps.google.com\/maps?q=Extended%20GM%20Workshop%20%28ex%20General%20Maquettes%29&#038;t=m&#038;z=10&#038;output=embed&#038;iwloc=near\"\n\t\t\t\t\ttitle=\"Extended GM Workshop (ex General Maquettes)\"\n\t\t\t\t\taria-label=\"Extended GM Workshop (ex General Maquettes)\"\n\t\t\t src=\"data:image\/gif;base64,R0lGODlhAQABAAAAACH5BAEKAAEALAAAAAABAAEAAAICTAEAOw==\" class=\"lazyload\" data-load-mode=\"1\"><\/iframe>\n\t\t<\/div>\n\t\t\t\t\t\t<\/div>\n\t\t\t\t<\/div>\n\t\t\t\t\t<\/div>\n\t\t<\/div>\n\t\t\t\t\t<\/div>\n\t\t<\/section>\n\t\t\t\t<\/div>","protected":false},"excerpt":{"rendered":"<p>Contactez Nous D\u00e9tails Information Contact Email Profesionnel contact@egmworkshop.com Num\u00e9ro de t\u00e9l\u00e9phone +213 23 31 66 42 +213 550 71 24 80 Localisation de l&rsquo;atelier Rue Boudjamaa Khalil Ouedromane El Achour Alger<\/p>","protected":false},"author":1,"featured_media":0,"parent":0,"menu_order":0,"comment_status":"closed","ping_status":"closed","template":"elementor_canvas","meta":{"footnotes":""},"class_list":["post-884","page","type-page","status-publish","hentry"],"yoast_head":"<!-- This site is optimized with the Yoast SEO plugin v24.4 - https:\/\/yoast.com\/wordpress\/plugins\/seo\/ -->\n<title>Contactez Nous - Atelier de design, conception et r\u00e9alisation de maquettes<\/title>\n<meta name=\"description\" content=\"Contactez Nous D\u00e9tails Information Contact Email Profesionnel contact@egmworkshop.com Num\u00e9ro de t\u00e9l\u00e9phone +213 23 31 66 42 +213 550 71 24 80 Localisation\" \/>\n<meta name=\"robots\" content=\"index, follow, max-snippet:-1, max-image-preview:large, max-video-preview:-1\" \/>\n<link rel=\"canonical\" href=\"https:\/\/egmworkshop.com\/en\/contact\/\" \/>\n<meta property=\"og:locale\" content=\"en_GB\" \/>\n<meta property=\"og:type\" content=\"article\" \/>\n<meta property=\"og:title\" content=\"Contactez Nous - Atelier de design, conception et r\u00e9alisation de maquettes\" \/>\n<meta property=\"og:description\" content=\"Contactez Nous D\u00e9tails Information Contact Email Profesionnel contact@egmworkshop.com Num\u00e9ro de t\u00e9l\u00e9phone +213 23 31 66 42 +213 550 71 24 80 Localisation\" \/>\n<meta property=\"og:url\" content=\"https:\/\/egmworkshop.com\/en\/contact\/\" \/>\n<meta property=\"og:site_name\" content=\"Extended GM Workshop\" \/>\n<meta property=\"article:publisher\" content=\"https:\/\/www.facebook.com\/share\/sRgEvK2vg9aphvgj\/?mibextid=LQQJ4d\" \/>\n<meta property=\"article:modified_time\" content=\"2025-02-08T21:06:23+00:00\" \/>\n<meta property=\"og:image\" content=\"https:\/\/i0.wp.com\/egmworkshop.com\/wp-content\/uploads\/2024\/12\/cropped-dssdv-01-1.png?fit=512%2C512&ssl=1\" \/>\n\t<meta property=\"og:image:width\" content=\"512\" \/>\n\t<meta property=\"og:image:height\" content=\"512\" \/>\n\t<meta property=\"og:image:type\" content=\"image\/png\" \/>\n<meta name=\"twitter:card\" content=\"summary_large_image\" \/>\n<meta name=\"twitter:label1\" content=\"Estimated reading time\" \/>\n\t<meta name=\"twitter:data1\" content=\"1 minute\" \/>\n<script type=\"application\/ld+json\" class=\"yoast-schema-graph\">{\"@context\":\"https:\/\/schema.org\",\"@graph\":[{\"@type\":\"WebPage\",\"@id\":\"https:\/\/egmworkshop.com\/contact\/\",\"url\":\"https:\/\/egmworkshop.com\/contact\/\",\"name\":\"Contactez Nous - Atelier de design, conception et r\u00e9alisation de maquettes\",\"isPartOf\":{\"@id\":\"https:\/\/egmworkshop.com\/#website\"},\"datePublished\":\"2023-04-07T08:47:30+00:00\",\"dateModified\":\"2025-02-08T21:06:23+00:00\",\"description\":\"Contactez Nous D\u00e9tails Information Contact Email Profesionnel contact@egmworkshop.com Num\u00e9ro de t\u00e9l\u00e9phone +213 23 31 66 42 +213 550 71 24 80 Localisation\",\"breadcrumb\":{\"@id\":\"https:\/\/egmworkshop.com\/contact\/#breadcrumb\"},\"inLanguage\":\"en-GB\",\"potentialAction\":[{\"@type\":\"ReadAction\",\"target\":[\"https:\/\/egmworkshop.com\/contact\/\"]}]},{\"@type\":\"BreadcrumbList\",\"@id\":\"https:\/\/egmworkshop.com\/contact\/#breadcrumb\",\"itemListElement\":[{\"@type\":\"ListItem\",\"position\":1,\"name\":\"Accueil\",\"item\":\"https:\/\/egmworkshop.com\/\"},{\"@type\":\"ListItem\",\"position\":2,\"name\":\"Contactez Nous\"}]},{\"@type\":\"WebSite\",\"@id\":\"https:\/\/egmworkshop.com\/#website\",\"url\":\"https:\/\/egmworkshop.com\/\",\"name\":\"Extended GM Workshop\",\"description\":\"Atelier de design, conception et r\u00e9alisation de maquettes\",\"publisher\":{\"@id\":\"https:\/\/egmworkshop.com\/#organization\"},\"alternateName\":\"EGM Workshop - Maquettes\",\"potentialAction\":[{\"@type\":\"SearchAction\",\"target\":{\"@type\":\"EntryPoint\",\"urlTemplate\":\"https:\/\/egmworkshop.com\/?s={search_term_string}\"},\"query-input\":{\"@type\":\"PropertyValueSpecification\",\"valueRequired\":true,\"valueName\":\"search_term_string\"}}],\"inLanguage\":\"en-GB\"},{\"@type\":\"Organization\",\"@id\":\"https:\/\/egmworkshop.com\/#organization\",\"name\":\"Extended GM Workshop\",\"alternateName\":\"EGM Workshop - Maquettes\",\"url\":\"https:\/\/egmworkshop.com\/\",\"logo\":{\"@type\":\"ImageObject\",\"inLanguage\":\"en-GB\",\"@id\":\"https:\/\/egmworkshop.com\/#\/schema\/logo\/image\/\",\"url\":\"https:\/\/i0.wp.com\/egmworkshop.com\/wp-content\/uploads\/2024\/12\/logo-png-site-icon-01-1-2.png?fit=2717%2C1026&ssl=1\",\"contentUrl\":\"https:\/\/i0.wp.com\/egmworkshop.com\/wp-content\/uploads\/2024\/12\/logo-png-site-icon-01-1-2.png?fit=2717%2C1026&ssl=1\",\"width\":2717,\"height\":1026,\"caption\":\"Extended GM Workshop\"},\"image\":{\"@id\":\"https:\/\/egmworkshop.com\/#\/schema\/logo\/image\/\"},\"sameAs\":[\"https:\/\/www.facebook.com\/share\/sRgEvK2vg9aphvgj\/?mibextid=LQQJ4d\",\"https:\/\/www.instagram.com\/extended.gm.workshop?igsh=bHJ5YmZtdW5lOTR0\",\"https:\/\/www.linkedin.com\/company\/extended-gm-workshop\"]}]}<\/script>\n<!-- \/ Yoast SEO plugin. -->","yoast_head_json":{"title":"Contactez Nous - Atelier de design, conception et r\u00e9alisation de maquettes","description":"Contactez Nous D\u00e9tails Information Contact Email Profesionnel contact@egmworkshop.com Num\u00e9ro de t\u00e9l\u00e9phone +213 23 31 66 42 +213 550 71 24 80 Localisation","robots":{"index":"index","follow":"follow","max-snippet":"max-snippet:-1","max-image-preview":"max-image-preview:large","max-video-preview":"max-video-preview:-1"},"canonical":"https:\/\/egmworkshop.com\/en\/contact\/","og_locale":"en_GB","og_type":"article","og_title":"Contactez Nous - Atelier de design, conception et r\u00e9alisation de maquettes","og_description":"Contactez Nous D\u00e9tails Information Contact Email Profesionnel contact@egmworkshop.com Num\u00e9ro de t\u00e9l\u00e9phone +213 23 31 66 42 +213 550 71 24 80 Localisation","og_url":"https:\/\/egmworkshop.com\/en\/contact\/","og_site_name":"Extended GM Workshop","article_publisher":"https:\/\/www.facebook.com\/share\/sRgEvK2vg9aphvgj\/?mibextid=LQQJ4d","article_modified_time":"2025-02-08T21:06:23+00:00","og_image":[{"width":512,"height":512,"url":"https:\/\/i0.wp.com\/egmworkshop.com\/wp-content\/uploads\/2024\/12\/cropped-dssdv-01-1.png?fit=512%2C512&ssl=1","type":"image\/png"}],"twitter_card":"summary_large_image","twitter_misc":{"Estimated reading time":"1 minute"},"schema":{"@context":"https:\/\/schema.org","@graph":[{"@type":"WebPage","@id":"https:\/\/egmworkshop.com\/contact\/","url":"https:\/\/egmworkshop.com\/contact\/","name":"Contactez Nous - Atelier de design, conception et r\u00e9alisation de maquettes","isPartOf":{"@id":"https:\/\/egmworkshop.com\/#website"},"datePublished":"2023-04-07T08:47:30+00:00","dateModified":"2025-02-08T21:06:23+00:00","description":"Contactez Nous D\u00e9tails Information Contact Email Profesionnel contact@egmworkshop.com Num\u00e9ro de t\u00e9l\u00e9phone +213 23 31 66 42 +213 550 71 24 80 Localisation","breadcrumb":{"@id":"https:\/\/egmworkshop.com\/contact\/#breadcrumb"},"inLanguage":"en-GB","potentialAction":[{"@type":"ReadAction","target":["https:\/\/egmworkshop.com\/contact\/"]}]},{"@type":"BreadcrumbList","@id":"https:\/\/egmworkshop.com\/contact\/#breadcrumb","itemListElement":[{"@type":"ListItem","position":1,"name":"Accueil","item":"https:\/\/egmworkshop.com\/"},{"@type":"ListItem","position":2,"name":"Contactez Nous"}]},{"@type":"WebSite","@id":"https:\/\/egmworkshop.com\/#website","url":"https:\/\/egmworkshop.com\/","name":"Extended GM Workshop","description":"Atelier de design, conception et r\u00e9alisation de maquettes","publisher":{"@id":"https:\/\/egmworkshop.com\/#organization"},"alternateName":"EGM Workshop - Maquettes","potentialAction":[{"@type":"SearchAction","target":{"@type":"EntryPoint","urlTemplate":"https:\/\/egmworkshop.com\/?s={search_term_string}"},"query-input":{"@type":"PropertyValueSpecification","valueRequired":true,"valueName":"search_term_string"}}],"inLanguage":"en-GB"},{"@type":"Organization","@id":"https:\/\/egmworkshop.com\/#organization","name":"Extended GM Workshop","alternateName":"EGM Workshop - Maquettes","url":"https:\/\/egmworkshop.com\/","logo":{"@type":"ImageObject","inLanguage":"en-GB","@id":"https:\/\/egmworkshop.com\/#\/schema\/logo\/image\/","url":"https:\/\/i0.wp.com\/egmworkshop.com\/wp-content\/uploads\/2024\/12\/logo-png-site-icon-01-1-2.png?fit=2717%2C1026&ssl=1","contentUrl":"https:\/\/i0.wp.com\/egmworkshop.com\/wp-content\/uploads\/2024\/12\/logo-png-site-icon-01-1-2.png?fit=2717%2C1026&ssl=1","width":2717,"height":1026,"caption":"Extended GM Workshop"},"image":{"@id":"https:\/\/egmworkshop.com\/#\/schema\/logo\/image\/"},"sameAs":["https:\/\/www.facebook.com\/share\/sRgEvK2vg9aphvgj\/?mibextid=LQQJ4d","https:\/\/www.instagram.com\/extended.gm.workshop?igsh=bHJ5YmZtdW5lOTR0","https:\/\/www.linkedin.com\/company\/extended-gm-workshop"]}]}},"_links":{"self":[{"href":"https:\/\/egmworkshop.com\/en\/wp-json\/wp\/v2\/pages\/884","targetHints":{"allow":["GET"]}}],"collection":[{"href":"https:\/\/egmworkshop.com\/en\/wp-json\/wp\/v2\/pages"}],"about":[{"href":"https:\/\/egmworkshop.com\/en\/wp-json\/wp\/v2\/types\/page"}],"author":[{"embeddable":true,"href":"https:\/\/egmworkshop.com\/en\/wp-json\/wp\/v2\/users\/1"}],"replies":[{"embeddable":true,"href":"https:\/\/egmworkshop.com\/en\/wp-json\/wp\/v2\/comments?post=884"}],"version-history":[{"count":0,"href":"https:\/\/egmworkshop.com\/en\/wp-json\/wp\/v2\/pages\/884\/revisions"}],"wp:attachment":[{"href":"https:\/\/egmworkshop.com\/en\/wp-json\/wp\/v2\/media?parent=884"}],"curies":[{"name":"wp","href":"https:\/\/api.w.org\/{rel}","templated":true}]}}